{"id":86,"date":"2017-03-26T17:42:36","date_gmt":"2017-03-26T14:42:36","guid":{"rendered":"http:\/\/www.harrastekerhotsalo.fi\/?page_id=86"},"modified":"2025-04-15T22:04:17","modified_gmt":"2025-04-15T19:04:17","slug":"yhdistyksen-hallitus-2017","status":"publish","type":"page","link":"https:\/\/harrastekerhotsalo.fi\/index.php\/yhdistyksen-hallitus-2017\/","title":{"rendered":""},"content":{"rendered":"<h3><strong>Yhdistyksen hallitus 2025-2026<\/strong><\/h3>\n<ul>\n<li><strong>Juha Kivirinta,<\/strong> puheenjohtaja<\/li>\n<li><strong>Esa Koskela,<\/strong> varapuheenjohtaja<\/li>\n<li><strong>Mika Kortelainen,<\/strong> sihteeri<\/li>\n<li><strong>Jyrki Sippola,<\/strong> rahastonhoitaja, Musiikki<\/li>\n<li><strong>Harri Wallenius,<\/strong> j\u00e4sen, Biljardi<\/li>\n<li><strong>Otso Yl\u00f6nen, <\/strong>j\u00e4sen, Kulttuuri, Radio<\/li>\n<li><strong>Petri Hokkanen, <\/strong>j\u00e4sen, ERWT-varaussovellus<\/li>\n<li><strong>Sami Koskinen, <\/strong>j\u00e4sen, Urheilu<\/li>\n<li><strong>Ilkka H\u00f6rkk\u00f6, <\/strong>varaj\u00e4sen<\/li>\n<li><strong>Tomi Joutsila, <\/strong>varaj\u00e4sen<\/li>\n<\/ul>\n<h3>Yhdistyksen hallitus 2024-2025 ja j\u00e4senten vastuualueet<\/h3>\n<ul>\n<li>Aimo Leskel\u00e4, puheenjohtaja, tiedotus<\/li>\n<li>Esa Koskela, varapuheenjohtaja<\/li>\n<li>Pirjo Koskinen, sihteeri<\/li>\n<li>Jyrki Sippola, rahastonhoitaja, Musiikki<\/li>\n<li>Petri Hokkanen, j\u00e4sen, ERWT-varaussovellus<\/li>\n<li>Sami Koskinen, j\u00e4sen, Urheilu<\/li>\n<li>Otso Yl\u00f6nen, varaj\u00e4sen, Kalusto, Radio<\/li>\n<li>Harri Wallenius, j\u00e4sen, Biljardi<\/li>\n<li>Ilkka H\u00f6rkk\u00f6, varaj\u00e4sen<\/li>\n<li>Jari Talkara, varaj\u00e4sen<\/li>\n<\/ul>\n<h3>Yhdistyksen hallitus 2022-2023 ja j\u00e4senten vastuualueet<\/h3>\n<ul>\n<li>Aimo Leskel\u00e4, puheenjohtaja, tiedotus<\/li>\n<li>Esa Koskela, varapuheenjohtaja<\/li>\n<li>Pirjo Koskinen, sihteeri<\/li>\n<li>Jari Talkara, rahastonhoitaja<\/li>\n<li>Petri Hokkanen, j\u00e4sen, ERWT-varaussovellus<\/li>\n<li>Kimmo Iirola, j\u00e4sen, Kamera-Moottoriurheilu -jaos<\/li>\n<li>Jyrki Sippola, j\u00e4sen, Musiikki -jaos<\/li>\n<li>Sami-Ville Koskinen, j\u00e4sen, Multisport -jaos<\/li>\n<li>Otso Yl\u00f6nen, varaj\u00e4sen, Multisport -jaos<\/li>\n<li>Ilkka H\u00f6rkk\u00f6, varaj\u00e4sen<\/li>\n<li>Mika Kortelainen, varaj\u00e4sen, Raksa -jaos<\/li>\n<li>Harri Wallenius, varaj\u00e4sen, Biljardi -jaos<\/li>\n<\/ul>\n<hr \/>\n<h3><span style=\"text-decoration: underline;\">Yhdistyksen hallitus 2020-2021 ja j\u00e4senten vastuualueet<\/span><\/h3>\n<ul>\n<li>Aimo Leskel\u00e4, puheenjohtaja, tiedotus<\/li>\n<li>Esa Koskela, varapuheenjohtaja, Biljardi-Snooker -jaos<\/li>\n<li>Pirjo Koskinen, sihteeri<\/li>\n<li>Jari Talkara, rahastonhoitaja<\/li>\n<li>Petri Hokkanen, j\u00e4sen, ERWT-varaussovellus<\/li>\n<li>Kimmo Iirola, j\u00e4sen, Kamera-RC-Moottoriurheilu -jaos<\/li>\n<li>Jyrki Sippola, j\u00e4sen, Musiikki -jaos<\/li>\n<li>Sami-Ville Koskinen, j\u00e4sen, Multisport -jaos<\/li>\n<li>Otso Yl\u00f6nen, varaj\u00e4sen, Multisport -jaos<\/li>\n<li>Ilkka H\u00f6rkk\u00f6, varaj\u00e4sen<\/li>\n<li>Mika Kortelainen, varaj\u00e4sen, Raksa -jaos<\/li>\n<\/ul>\n<hr \/>\n<h3><span style=\"text-decoration: underline;\">Yhdistyksen hallitus 2019 ja j\u00e4senten vastuualueet<\/span><\/h3>\n<p>Aimo Leskel\u00e4, puheenjohtaja, tiedotus<br \/>\nEsa Koskela, varapuheenjohtaja, Biljardi-Snooker -jaos<br \/>\nPirjo Koskinen, sihteeri<br \/>\nJari Talkara, rahastonhoitaja<br \/>\nPetri Hokkanen, j\u00e4sen, ERWT-varaussovellus<br \/>\nKimmo Iirola, j\u00e4sen, Kamera-RC-Moottoriurheilu -jaos<br \/>\nJyrki Sippola, j\u00e4sen, Musiikki -jaos<br \/>\nOtso Yl\u00f6nen, j\u00e4sen, Multisport -jaos<br \/>\nIlkka H\u00f6rkk\u00f6, varaj\u00e4sen<br \/>\nMika Kortelainen, varaj\u00e4sen, Raksa -jaos<\/p>\n<hr \/>\n<h3><span style=\"text-decoration: underline;\">Yhdistyksen hallitus 2018<\/span><\/h3>\n<p>Aimo Leskel\u00e4, puheenjohtaja<br \/>\nEsa Koskela, varapuheenjohtaja<br \/>\nPirjo Koskinen, sihteeri<br \/>\nJari Talkara, rahastonhoitaja<br \/>\nMika Kortelainen, tiedottaja<br \/>\nKimmo Iirola, j\u00e4sen<br \/>\nOtso Yl\u00f6nen, j\u00e4sen<br \/>\nJyrki Sippola, j\u00e4sen<br \/>\nJari Hiirola, varaj\u00e4sen<br \/>\nRiitta Hellman, varaj\u00e4sen<br \/>\nPetri Hokkanen, varaj\u00e4sen<br \/>\nIlkka H\u00f6rkk\u00f6, varaj\u00e4sen<\/p>\n","protected":false},"excerpt":{"rendered":"<p>Yhdistyksen hallitus 2025-2026 Juha Kivirinta, puheenjohtaja Esa Koskela, varapuheenjohtaja Mika Kortelainen, sihteeri Jyrki Sippola, rahastonhoitaja, Musiikki Harri Wallenius, j\u00e4sen, Biljardi Otso Yl\u00f6nen, j\u00e4sen, Kulttuuri, Radio Petri Hokkanen, j\u00e4sen, ERWT-varaussovellus Sami Koskinen, j\u00e4sen, Urheilu Ilkka H\u00f6rkk\u00f6, varaj\u00e4sen Tomi Joutsila, varaj\u00e4sen Yhdistyksen hallitus 2024-2025 ja j\u00e4senten vastuualueet Aimo Leskel\u00e4, puheenjohtaja, tiedotus Esa Koskela, varapuheenjohtaja Pirjo Koskinen, sihteeri &hellip; <\/p>\n<p class=\"link-more\"><a href=\"https:\/\/harrastekerhotsalo.fi\/index.php\/yhdistyksen-hallitus-2017\/\" class=\"more-link\">Jatka lukemista<span class=\"screen-reader-text\"> &#8221;&#8221;<\/span><\/a><\/p>\n","protected":false},"author":1,"featured_media":0,"parent":0,"menu_order":0,"comment_status":"closed","ping_status":"closed","template":"","meta":{"footnotes":""},"class_list":["post-86","page","type-page","status-publish","hentry"],"jetpack_sharing_enabled":true,"_links":{"self":[{"href":"https:\/\/harrastekerhotsalo.fi\/index.php\/wp-json\/wp\/v2\/pages\/86","targetHints":{"allow":["GET"]}}],"collection":[{"href":"https:\/\/harrastekerhotsalo.fi\/index.php\/wp-json\/wp\/v2\/pages"}],"about":[{"href":"https:\/\/harrastekerhotsalo.fi\/index.php\/wp-json\/wp\/v2\/types\/page"}],"author":[{"embeddable":true,"href":"https:\/\/harrastekerhotsalo.fi\/index.php\/wp-json\/wp\/v2\/users\/1"}],"replies":[{"embeddable":true,"href":"https:\/\/harrastekerhotsalo.fi\/index.php\/wp-json\/wp\/v2\/comments?post=86"}],"version-history":[{"count":19,"href":"https:\/\/harrastekerhotsalo.fi\/index.php\/wp-json\/wp\/v2\/pages\/86\/revisions"}],"predecessor-version":[{"id":3295,"href":"https:\/\/harrastekerhotsalo.fi\/index.php\/wp-json\/wp\/v2\/pages\/86\/revisions\/3295"}],"wp:attachment":[{"href":"https:\/\/harrastekerhotsalo.fi\/index.php\/wp-json\/wp\/v2\/media?parent=86"}],"curies":[{"name":"wp","href":"https:\/\/api.w.org\/{rel}","templated":true}]}}