{"id":444,"date":"2019-03-23T12:07:33","date_gmt":"2019-03-23T10:07:33","guid":{"rendered":"http:\/\/www.harrastekerhotsalo.fi\/?page_id=444"},"modified":"2024-05-07T12:24:48","modified_gmt":"2024-05-07T09:24:48","slug":"kerhon-tilat","status":"publish","type":"page","link":"https:\/\/harrastekerhotsalo.fi\/index.php\/kerhon-tilat\/","title":{"rendered":"Kerhon tilat"},"content":{"rendered":"<p>Iso kerhotila on v\u00e4est\u00f6nsuoja Kamman 0-kerroksessa, kuntosalin vieress\u00e4. T\u00e4\u00e4ll\u00e4 sijaitsevat vuokrattavat laitteet, snooker, pingisp\u00f6yt\u00e4 ja kerhon muun omaisuuden varasto. Kulku tapahtuu kuntosalin viereisest\u00e4 ovesta Kiilaan johtavan k\u00e4yt\u00e4v\u00e4n kautta. K\u00e4yt\u00e4v\u00e4ss\u00e4 on oven kohdalla mutka.<\/p>\n<p><a href=\"http:\/\/harrastekerhotsalo.fi\/wp-content\/uploads\/2019\/03\/snooker.jpg\"><img fetchpriority=\"high\" decoding=\"async\" class=\"alignnone size-medium wp-image-445\" src=\"http:\/\/harrastekerhotsalo.fi\/wp-content\/uploads\/2019\/03\/snooker-300x267.jpg\" alt=\"\" width=\"300\" height=\"267\" srcset=\"https:\/\/harrastekerhotsalo.fi\/wp-content\/uploads\/2019\/03\/snooker-300x267.jpg 300w, https:\/\/harrastekerhotsalo.fi\/wp-content\/uploads\/2019\/03\/snooker-768x685.jpg 768w, https:\/\/harrastekerhotsalo.fi\/wp-content\/uploads\/2019\/03\/snooker-1024x913.jpg 1024w, https:\/\/harrastekerhotsalo.fi\/wp-content\/uploads\/2019\/03\/snooker.jpg 1491w\" sizes=\"(max-width: 300px) 100vw, 300px\" \/><\/a><\/p>\n<p>Musiikkikerhon treenik\u00e4mpp\u00e4 on Kiilan puolella saman k\u00e4yt\u00e4v\u00e4n varrella, ovi KIILA0100. Tilan pienen koon takia v\u00e4h\u00e4ll\u00e4 k\u00e4yt\u00f6ll\u00e4 olevat laitteet on varastoitava Kamman isoon varastoon. Roudaus tapahtuu Kiilan 0-kerroksen p\u00e4\u00e4ovesta.<\/p>\n<p><a href=\"http:\/\/harrastekerhotsalo.fi\/wp-content\/uploads\/2019\/03\/TreenisV.jpg\"><img decoding=\"async\" class=\"alignnone size-medium wp-image-446\" src=\"http:\/\/harrastekerhotsalo.fi\/wp-content\/uploads\/2019\/03\/TreenisV-300x230.jpg\" alt=\"\" width=\"300\" height=\"230\" srcset=\"https:\/\/harrastekerhotsalo.fi\/wp-content\/uploads\/2019\/03\/TreenisV-300x230.jpg 300w, https:\/\/harrastekerhotsalo.fi\/wp-content\/uploads\/2019\/03\/TreenisV-768x590.jpg 768w, https:\/\/harrastekerhotsalo.fi\/wp-content\/uploads\/2019\/03\/TreenisV-1024x786.jpg 1024w, https:\/\/harrastekerhotsalo.fi\/wp-content\/uploads\/2019\/03\/TreenisV.jpg 1472w\" sizes=\"(max-width: 300px) 100vw, 300px\" \/><\/a><\/p>\n","protected":false},"excerpt":{"rendered":"<p>Iso kerhotila on v\u00e4est\u00f6nsuoja Kamman 0-kerroksessa, kuntosalin vieress\u00e4. T\u00e4\u00e4ll\u00e4 sijaitsevat vuokrattavat laitteet, snooker, pingisp\u00f6yt\u00e4 ja kerhon muun omaisuuden varasto. Kulku tapahtuu kuntosalin viereisest\u00e4 ovesta Kiilaan johtavan k\u00e4yt\u00e4v\u00e4n kautta. K\u00e4yt\u00e4v\u00e4ss\u00e4 on oven kohdalla mutka. Musiikkikerhon treenik\u00e4mpp\u00e4 on Kiilan puolella saman k\u00e4yt\u00e4v\u00e4n varrella, ovi KIILA0100. Tilan pienen koon takia v\u00e4h\u00e4ll\u00e4 k\u00e4yt\u00f6ll\u00e4 olevat laitteet on varastoitava Kamman isoon &hellip; <\/p>\n<p class=\"link-more\"><a href=\"https:\/\/harrastekerhotsalo.fi\/index.php\/kerhon-tilat\/\" class=\"more-link\">Jatka lukemista<span class=\"screen-reader-text\"> &#8221;Kerhon tilat&#8221;<\/span><\/a><\/p>\n","protected":false},"author":34,"featured_media":0,"parent":0,"menu_order":0,"comment_status":"closed","ping_status":"closed","template":"","meta":{"footnotes":""},"class_list":["post-444","page","type-page","status-publish","hentry"],"jetpack_sharing_enabled":true,"_links":{"self":[{"href":"https:\/\/harrastekerhotsalo.fi\/index.php\/wp-json\/wp\/v2\/pages\/444","targetHints":{"allow":["GET"]}}],"collection":[{"href":"https:\/\/harrastekerhotsalo.fi\/index.php\/wp-json\/wp\/v2\/pages"}],"about":[{"href":"https:\/\/harrastekerhotsalo.fi\/index.php\/wp-json\/wp\/v2\/types\/page"}],"author":[{"embeddable":true,"href":"https:\/\/harrastekerhotsalo.fi\/index.php\/wp-json\/wp\/v2\/users\/34"}],"replies":[{"embeddable":true,"href":"https:\/\/harrastekerhotsalo.fi\/index.php\/wp-json\/wp\/v2\/comments?post=444"}],"version-history":[{"count":5,"href":"https:\/\/harrastekerhotsalo.fi\/index.php\/wp-json\/wp\/v2\/pages\/444\/revisions"}],"predecessor-version":[{"id":2771,"href":"https:\/\/harrastekerhotsalo.fi\/index.php\/wp-json\/wp\/v2\/pages\/444\/revisions\/2771"}],"wp:attachment":[{"href":"https:\/\/harrastekerhotsalo.fi\/index.php\/wp-json\/wp\/v2\/media?parent=444"}],"curies":[{"name":"wp","href":"https:\/\/api.w.org\/{rel}","templated":true}]}}