{"id":3548,"date":"2025-11-16T10:22:16","date_gmt":"2025-11-16T08:22:16","guid":{"rendered":"https:\/\/harrastekerhotsalo.fi\/?page_id=3548"},"modified":"2025-11-23T20:44:52","modified_gmt":"2025-11-23T18:44:52","slug":"jasensivuille","status":"publish","type":"page","link":"https:\/\/harrastekerhotsalo.fi\/index.php\/jasensivuille\/","title":{"rendered":"J\u00e4sensivuille"},"content":{"rendered":"\t\t<div data-elementor-type=\"wp-page\" data-elementor-id=\"3548\" class=\"elementor elementor-3548\">\n\t\t\t\t<div class=\"elementor-element elementor-element-c5de4bb e-flex e-con-boxed e-con e-parent\" data-id=\"c5de4bb\" data-element_type=\"container\" data-e-type=\"container\">\n\t\t\t\t\t<div class=\"e-con-inner\">\n\t\t<div class=\"elementor-element elementor-element-592bed5 e-con-full e-flex e-con e-child\" data-id=\"592bed5\" data-element_type=\"container\" data-e-type=\"container\">\n\t\t\t\t<div class=\"elementor-element elementor-element-0bf261a elementor-widget elementor-widget-heading\" data-id=\"0bf261a\" data-element_type=\"widget\" data-e-type=\"widget\" data-widget_type=\"heading.default\">\n\t\t\t\t\t<h4 class=\"elementor-heading-title elementor-size-default\"><a href=\"https:\/\/www.facebook.com\/groups\/130115894003885\" target=\"_blank\">L\u00f6yd\u00e4t meid\u00e4t my\u00f6s Facebookista<\/a><\/h4>\t\t\t\t<\/div>\n\t\t\t\t<\/div>\n\t\t<div class=\"elementor-element elementor-element-8243d23 e-con-full e-flex e-con e-child\" data-id=\"8243d23\" data-element_type=\"container\" data-e-type=\"container\">\n\t\t\t\t<div class=\"elementor-element elementor-element-f6a4397 elementor-view-default elementor-widget elementor-widget-icon\" data-id=\"f6a4397\" data-element_type=\"widget\" data-e-type=\"widget\" data-widget_type=\"icon.default\">\n\t\t\t\t\t\t\t<div class=\"elementor-icon-wrapper\">\n\t\t\t<a class=\"elementor-icon\" href=\"https:\/\/www.facebook.com\/groups\/130115894003885\" target=\"_blank\">\n\t\t\t<svg aria-hidden=\"true\" class=\"e-font-icon-svg e-fab-facebook-square\" viewBox=\"0 0 448 512\" xmlns=\"http:\/\/www.w3.org\/2000\/svg\"><path d=\"M400 32H48A48 48 0 0 0 0 80v352a48 48 0 0 0 48 48h137.25V327.69h-63V256h63v-54.64c0-62.15 37-96.48 93.67-96.48 27.14 0 55.52 4.84 55.52 4.84v61h-31.27c-30.81 0-40.42 19.12-40.42 38.73V256h68.78l-11 71.69h-57.78V480H400a48 48 0 0 0 48-48V80a48 48 0 0 0-48-48z\"><\/path><\/svg>\t\t\t<\/a>\n\t\t<\/div>\n\t\t\t\t\t\t<\/div>\n\t\t\t\t<\/div>\n\t\t\t\t\t<\/div>\n\t\t\t\t<\/div>\n\t\t<div class=\"elementor-element elementor-element-9bd1f92 e-flex e-con-boxed e-con e-parent\" data-id=\"9bd1f92\" data-element_type=\"container\" data-e-type=\"container\">\n\t\t\t\t\t<div class=\"e-con-inner\">\n\t\t<div class=\"elementor-element elementor-element-688e15f e-con-full e-flex e-con e-child\" data-id=\"688e15f\" data-element_type=\"container\" data-e-type=\"container\">\n\t\t\t\t<div class=\"elementor-element elementor-element-afd8ad1 elementor-widget elementor-widget-heading\" data-id=\"afd8ad1\" data-element_type=\"widget\" data-e-type=\"widget\" data-widget_type=\"heading.default\">\n\t\t\t\t\t<h6 class=\"elementor-heading-title elementor-size-default\">J\u00e4sensivuille kirjautumalla l\u00f6yd\u00e4t lis\u00e4tietoa eri aktiviteeteista, kuten kaluston lainauksesta, tapahtumista, musiikista sek\u00e4 kuntosalista ja hyvinvointitapahtumista.<\/h6>\t\t\t\t<\/div>\n\t\t\t\t<\/div>\n\t\t<div class=\"elementor-element elementor-element-76364b0 e-con-full e-flex e-con e-child\" data-id=\"76364b0\" data-element_type=\"container\" data-e-type=\"container\">\n\t\t\t\t<div class=\"elementor-element elementor-element-181da38 elementor-widget elementor-widget-sidebar\" data-id=\"181da38\" data-element_type=\"widget\" data-e-type=\"widget\" data-widget_type=\"sidebar.default\">\n\t\t\t\t\t<section id=\"wp_sidebarlogin-2\" class=\"widget widget_wp_sidebarlogin\"><h2 class=\"widget-title\">Login<\/h2><div class=\"sidebar-login-form\"><form name=\"loginform\" id=\"loginform\" action=\"https:\/\/harrastekerhotsalo.fi\/wp-login.php\" method=\"post\"><p class=\"login-username\">\n\t\t\t\t<label for=\"user_login\">Tunnus<\/label>\n\t\t\t\t<input type=\"text\" name=\"log\" id=\"user_login\" autocomplete=\"username\" class=\"input\" value=\"\" size=\"20\" \/>\n\t\t\t<\/p><p class=\"login-password\">\n\t\t\t\t<label for=\"user_pass\">Salasana<\/label>\n\t\t\t\t<input type=\"password\" name=\"pwd\" id=\"user_pass\" autocomplete=\"current-password\" spellcheck=\"false\" class=\"input\" value=\"\" size=\"20\" \/>\n\t\t\t<\/p><p class=\"login-submit\">\n\t\t\t\t<input type=\"submit\" name=\"wp-submit\" id=\"wp-submit\" class=\"button button-primary\" value=\"Log In\" \/>\n\t\t\t\t<input type=\"hidden\" name=\"redirect_to\" value=\"http:\/\/harrastekerhotsalo.fi\/\" \/>\n\t\t\t<\/p><\/form><ul class=\"sidebar-login-links pagenav sidebar_login_links\"><li class=\"lost_password-link\"><a href=\"https:\/\/harrastekerhotsalo.fi\/wp-login.php?action=lostpassword\">Unohtunut salasana<\/a><\/li><\/ul><\/div><\/section>\t\t\t\t<\/div>\n\t\t\t\t<\/div>\n\t\t\t\t\t<\/div>\n\t\t\t\t<\/div>\n\t\t\t\t<\/div>\n\t\t","protected":false},"excerpt":{"rendered":"<p>L\u00f6yd\u00e4t meid\u00e4t my\u00f6s Facebookista J\u00e4sensivuille kirjautumalla l\u00f6yd\u00e4t lis\u00e4tietoa eri aktiviteeteista, kuten kaluston lainauksesta, tapahtumista, musiikista sek\u00e4 kuntosalista ja hyvinvointitapahtumista.<\/p>\n","protected":false},"author":3,"featured_media":0,"parent":0,"menu_order":0,"comment_status":"closed","ping_status":"closed","template":"","meta":{"footnotes":""},"class_list":["post-3548","page","type-page","status-publish","hentry"],"jetpack_sharing_enabled":true,"_links":{"self":[{"href":"https:\/\/harrastekerhotsalo.fi\/index.php\/wp-json\/wp\/v2\/pages\/3548","targetHints":{"allow":["GET"]}}],"collection":[{"href":"https:\/\/harrastekerhotsalo.fi\/index.php\/wp-json\/wp\/v2\/pages"}],"about":[{"href":"https:\/\/harrastekerhotsalo.fi\/index.php\/wp-json\/wp\/v2\/types\/page"}],"author":[{"embeddable":true,"href":"https:\/\/harrastekerhotsalo.fi\/index.php\/wp-json\/wp\/v2\/users\/3"}],"replies":[{"embeddable":true,"href":"https:\/\/harrastekerhotsalo.fi\/index.php\/wp-json\/wp\/v2\/comments?post=3548"}],"version-history":[{"count":28,"href":"https:\/\/harrastekerhotsalo.fi\/index.php\/wp-json\/wp\/v2\/pages\/3548\/revisions"}],"predecessor-version":[{"id":3682,"href":"https:\/\/harrastekerhotsalo.fi\/index.php\/wp-json\/wp\/v2\/pages\/3548\/revisions\/3682"}],"wp:attachment":[{"href":"https:\/\/harrastekerhotsalo.fi\/index.php\/wp-json\/wp\/v2\/media?parent=3548"}],"curies":[{"name":"wp","href":"https:\/\/api.w.org\/{rel}","templated":true}]}}