{"id":31,"date":"2016-05-02T21:12:53","date_gmt":"2016-05-02T18:12:53","guid":{"rendered":"http:\/\/www.harrastekerhotsalo.fi\/?page_id=31"},"modified":"2025-11-18T21:48:36","modified_gmt":"2025-11-18T19:48:36","slug":"jaseneksi","status":"publish","type":"page","link":"https:\/\/harrastekerhotsalo.fi\/index.php\/jaseneksi\/","title":{"rendered":"J\u00e4senrekisteri"},"content":{"rendered":"\t\t<div data-elementor-type=\"wp-page\" data-elementor-id=\"31\" class=\"elementor elementor-31\">\n\t\t\t\t<div class=\"elementor-element elementor-element-6905744 e-flex e-con-boxed e-con e-parent\" data-id=\"6905744\" data-element_type=\"container\" data-e-type=\"container\">\n\t\t\t\t\t<div class=\"e-con-inner\">\n\t\t\t\t<div class=\"elementor-element elementor-element-8469232 elementor-widget elementor-widget-text-editor\" data-id=\"8469232\" data-element_type=\"widget\" data-e-type=\"widget\" data-widget_type=\"text-editor.default\">\n\t\t\t\t\t\t\t\t\t<p>K\u00e4yt\u00e4mme <a href=\"https:\/\/www.membook.fi\/\" target=\"_blank\" rel=\"noopener\"><strong>Membook Oy<\/strong><\/a>:n palvelua j\u00e4senrekisterin yll\u00e4pitoon, j\u00e4senmaksujen ker\u00e4\u00e4misen ja tiedottamiseen. Membookin kautta tulevissa s\u00e4hk\u00f6posteissa l\u00e4hett\u00e4j\u00e4n\u00e4 on \u201dHarrastekerhot Salo ry via Membook\u201d.<\/p><p>Kun olet l\u00e4hett\u00e4nyt j\u00e4seneksi <a href=\"https:\/\/harrastekerhotsalo.fi\/index.php\/jaseneksi-liittyminen\/\">liittymislomakkeen<\/a> ja sinut on todettu j\u00e4senkelpoiseksi, saat s\u00e4hk\u00f6postiisi kutsun liitty\u00e4 Membook palveluun,<\/p><p>J\u00e4senmaksulaskut l\u00e4het\u00e4mme Membookin palvelun kautta vuosittain helmi-maaliskuussa. On t\u00e4rke\u00e4\u00e4, ett\u00e4 maksat j\u00e4senmaksun k\u00e4ytt\u00e4en laskussa mainittua tili- ja viitenumeroa, jotta maksu kirjautuu oikein maksetuksi. J\u00e4senyyden s\u00e4ilyminen ja yhdistyksen tapahtumiin osallistuminen edellytt\u00e4\u00e4, ett\u00e4 j\u00e4senmaksu on maksettu.<\/p><p>Voit tarvittaessa p\u00e4ivitt\u00e4\u00e4 omat yhteystietosi samalla kun k\u00e4yt Membookissa tarkistamassa omien j\u00e4senmaksujesi tilan tai lukemassa yhdistyksen l\u00e4hett\u00e4mi\u00e4 j\u00e4senviestej\u00e4.<\/p>\t\t\t\t\t\t\t\t<\/div>\n\t\t\t\t\t<\/div>\n\t\t\t\t<\/div>\n\t\t<div class=\"elementor-element elementor-element-12ab9477 e-flex e-con-boxed e-con e-parent\" data-id=\"12ab9477\" data-element_type=\"container\" data-e-type=\"container\">\n\t\t\t\t\t<div class=\"e-con-inner\">\n\t\t\t\t<div class=\"elementor-element elementor-element-aedbe8c elementor-widget elementor-widget-text-editor\" data-id=\"aedbe8c\" data-element_type=\"widget\" data-e-type=\"widget\" data-widget_type=\"text-editor.default\">\n\t\t\t\t\t\t\t\t\t<p><strong>Membookin kirjautumissivu<\/strong>: <a href=\"https:\/\/secure.membook.fi\/#\/account\/login\" target=\"_blank\" rel=\"noopener noreferrer\">www.membook.fi<\/a>\u00a0 &gt; Kirjaudu omalla Membook tunnuksellasi (s\u00e4hk\u00f6postiosoite).<\/p><p>Kirjautumisen j\u00e4lkeen p\u00e4\u00e4st\u00e4ksesi Harrastekerhot Salo ry sivuille valitse yl\u00e4reunasta <strong>YHTEIS\u00d6SI<\/strong> valikosta <strong>Harrastekerhot Salo ry<\/strong>. T\u00e4m\u00e4n j\u00e4lkeen vasemmassa reunassa olevan <strong>J\u00e4sentiedot<\/strong> napin alta p\u00e4\u00e4set sivulle, jossa voit p\u00e4ivitt\u00e4\u00e4 Perustietoja (yhteystietosi) sek\u00e4 l\u00f6yd\u00e4t tarvittaessa j\u00e4senlaskun sek\u00e4 voit lukea palvelun kautta l\u00e4hetettyj\u00e4 j\u00e4senviestej\u00e4.<\/p><p>Ongelmatilanteita varten on\u00a0Membookin tukisivu: <a href=\"http:\/\/tuki.membook.fi\/\" target=\"_blank\" rel=\"noopener noreferrer\">http:\/\/tuki.membook.fi\/<\/a><\/p><p><strong><a href=\"https:\/\/harrastekerhotsalo.fi\/index.php\/jaseneksi-liittyminen\/\">T\u00e4\u00e4lt\u00e4 voit t\u00e4ytt\u00e4\u00e4 j\u00e4senhakemuksen.<\/a><\/strong><\/p><p><a href=\"http:\/\/harrastekerhotsalo.fi\/wp-content\/uploads\/2018\/05\/Harrastekerhot-Salo-ry-PRH-20180420.pdf\" target=\"_blank\" rel=\"noopener noreferrer\">Yhdistyksen s\u00e4\u00e4nn\u00f6t<\/a><\/p>\t\t\t\t\t\t\t\t<\/div>\n\t\t\t\t\t<\/div>\n\t\t\t\t<\/div>\n\t\t\t\t<\/div>\n\t\t","protected":false},"excerpt":{"rendered":"<p>K\u00e4yt\u00e4mme Membook Oy:n palvelua j\u00e4senrekisterin yll\u00e4pitoon, j\u00e4senmaksujen ker\u00e4\u00e4misen ja tiedottamiseen. Membookin kautta tulevissa s\u00e4hk\u00f6posteissa l\u00e4hett\u00e4j\u00e4n\u00e4 on \u201dHarrastekerhot Salo ry via Membook\u201d. Kun olet l\u00e4hett\u00e4nyt j\u00e4seneksi liittymislomakkeen ja sinut on todettu j\u00e4senkelpoiseksi, saat s\u00e4hk\u00f6postiisi kutsun liitty\u00e4 Membook palveluun, J\u00e4senmaksulaskut l\u00e4het\u00e4mme Membookin palvelun kautta vuosittain helmi-maaliskuussa. On t\u00e4rke\u00e4\u00e4, ett\u00e4 maksat j\u00e4senmaksun k\u00e4ytt\u00e4en laskussa mainittua tili- ja viitenumeroa, &hellip; <\/p>\n<p class=\"link-more\"><a href=\"https:\/\/harrastekerhotsalo.fi\/index.php\/jaseneksi\/\" class=\"more-link\">Jatka lukemista<span class=\"screen-reader-text\"> &#8221;J\u00e4senrekisteri&#8221;<\/span><\/a><\/p>\n","protected":false},"author":1,"featured_media":0,"parent":0,"menu_order":0,"comment_status":"closed","ping_status":"closed","template":"","meta":{"footnotes":""},"class_list":["post-31","page","type-page","status-publish","hentry"],"jetpack_sharing_enabled":true,"_links":{"self":[{"href":"https:\/\/harrastekerhotsalo.fi\/index.php\/wp-json\/wp\/v2\/pages\/31","targetHints":{"allow":["GET"]}}],"collection":[{"href":"https:\/\/harrastekerhotsalo.fi\/index.php\/wp-json\/wp\/v2\/pages"}],"about":[{"href":"https:\/\/harrastekerhotsalo.fi\/index.php\/wp-json\/wp\/v2\/types\/page"}],"author":[{"embeddable":true,"href":"https:\/\/harrastekerhotsalo.fi\/index.php\/wp-json\/wp\/v2\/users\/1"}],"replies":[{"embeddable":true,"href":"https:\/\/harrastekerhotsalo.fi\/index.php\/wp-json\/wp\/v2\/comments?post=31"}],"version-history":[{"count":25,"href":"https:\/\/harrastekerhotsalo.fi\/index.php\/wp-json\/wp\/v2\/pages\/31\/revisions"}],"predecessor-version":[{"id":3646,"href":"https:\/\/harrastekerhotsalo.fi\/index.php\/wp-json\/wp\/v2\/pages\/31\/revisions\/3646"}],"wp:attachment":[{"href":"https:\/\/harrastekerhotsalo.fi\/index.php\/wp-json\/wp\/v2\/media?parent=31"}],"curies":[{"name":"wp","href":"https:\/\/api.w.org\/{rel}","templated":true}]}}