{"id":2,"date":"2015-10-25T22:51:19","date_gmt":"2015-10-25T20:51:19","guid":{"rendered":"http:\/\/www.harrastekerhotsalo.fi\/?page_id=2"},"modified":"2025-03-03T21:13:58","modified_gmt":"2025-03-03T19:13:58","slug":"paasivu","status":"publish","type":"page","link":"https:\/\/harrastekerhotsalo.fi\/index.php\/paasivu\/","title":{"rendered":"Harrastekerhot Salo ry"},"content":{"rendered":"<p>Harrastekerhot Salo ry:n tavoitteena on edist\u00e4\u00e4 ja lis\u00e4t\u00e4 j\u00e4sentens\u00e4 mahdollisuuksia harrastus- ja\u00a0 virkistystoimintaan.<\/p>\n<p>J\u00e4rjest\u00e4mme monenlaisia tilaisuuksia, tapaamisia ja harjoituksia ja meill\u00e4 on erilaisia j\u00e4senille lainattavia harrastev\u00e4lineit\u00e4 ja tarvikkeita. <a href=\"http:\/\/harrastekerhotsalo.fi\/index.php\/kerhon-tilat\">Kerhon tilat<\/a> sijaitsevat Salo IoT Campuksella.<\/p>\n<p>Yhdistyksen <a href=\"http:\/\/harrastekerhotsalo.fi\/index.php\/jaseneksi\/\">j\u00e4seniksi<\/a> voivat liitty\u00e4 kaikki Microsoftin, Nokian tai sen edelt\u00e4jien Salon yksik\u00f6iss\u00e4 ty\u00f6skennelleet sek\u00e4 liittymishetkell\u00e4 <a href=\"http:\/\/www.saloiotcampus.fi\/\" target=\"_blank\" rel=\"noopener noreferrer\">Salo IoT Campuksella<\/a> vakituisesti ty\u00f6skentelev\u00e4t henkil\u00f6t.<\/p>\n<p>Yhdistyksen j\u00e4senmaksu vuonna 2024 ja 2025 on 15 \u20ac\/vuosi.<\/p>\n<p>Harrastekerhot Salo ry:lle voit laittaa s\u00e4hk\u00f6postia:<br \/>\nhks@harrastekerhotsalo.fi<\/p>\n","protected":false},"excerpt":{"rendered":"<p>Harrastekerhot Salo ry:n tavoitteena on edist\u00e4\u00e4 ja lis\u00e4t\u00e4 j\u00e4sentens\u00e4 mahdollisuuksia harrastus- ja\u00a0 virkistystoimintaan. J\u00e4rjest\u00e4mme monenlaisia tilaisuuksia, tapaamisia ja harjoituksia ja meill\u00e4 on erilaisia j\u00e4senille lainattavia harrastev\u00e4lineit\u00e4 ja tarvikkeita. Kerhon tilat sijaitsevat Salo IoT Campuksella. Yhdistyksen j\u00e4seniksi voivat liitty\u00e4 kaikki Microsoftin, Nokian tai sen edelt\u00e4jien Salon yksik\u00f6iss\u00e4 ty\u00f6skennelleet sek\u00e4 liittymishetkell\u00e4 Salo IoT Campuksella vakituisesti ty\u00f6skentelev\u00e4t henkil\u00f6t. &hellip; <\/p>\n<p class=\"link-more\"><a href=\"https:\/\/harrastekerhotsalo.fi\/index.php\/paasivu\/\" class=\"more-link\">Jatka lukemista<span class=\"screen-reader-text\"> &#8221;Harrastekerhot Salo ry&#8221;<\/span><\/a><\/p>\n","protected":false},"author":1,"featured_media":0,"parent":0,"menu_order":0,"comment_status":"closed","ping_status":"open","template":"","meta":{"footnotes":""},"class_list":["post-2","page","type-page","status-publish","hentry"],"jetpack_sharing_enabled":true,"_links":{"self":[{"href":"https:\/\/harrastekerhotsalo.fi\/index.php\/wp-json\/wp\/v2\/pages\/2","targetHints":{"allow":["GET"]}}],"collection":[{"href":"https:\/\/harrastekerhotsalo.fi\/index.php\/wp-json\/wp\/v2\/pages"}],"about":[{"href":"https:\/\/harrastekerhotsalo.fi\/index.php\/wp-json\/wp\/v2\/types\/page"}],"author":[{"embeddable":true,"href":"https:\/\/harrastekerhotsalo.fi\/index.php\/wp-json\/wp\/v2\/users\/1"}],"replies":[{"embeddable":true,"href":"https:\/\/harrastekerhotsalo.fi\/index.php\/wp-json\/wp\/v2\/comments?post=2"}],"version-history":[{"count":28,"href":"https:\/\/harrastekerhotsalo.fi\/index.php\/wp-json\/wp\/v2\/pages\/2\/revisions"}],"predecessor-version":[{"id":3221,"href":"https:\/\/harrastekerhotsalo.fi\/index.php\/wp-json\/wp\/v2\/pages\/2\/revisions\/3221"}],"wp:attachment":[{"href":"https:\/\/harrastekerhotsalo.fi\/index.php\/wp-json\/wp\/v2\/media?parent=2"}],"curies":[{"name":"wp","href":"https:\/\/api.w.org\/{rel}","templated":true}]}}